{"id":5,"date":"2015-08-15T04:00:28","date_gmt":"2015-08-15T04:00:28","guid":{"rendered":"http:\/\/www.specialpipingmaterials.com\/?page_id=5"},"modified":"2020-02-24T09:53:27","modified_gmt":"2020-02-24T09:53:27","slug":"home","status":"publish","type":"page","link":"https:\/\/specialpipingmaterials.com\/pt\/","title":{"rendered":"IN\u00cdCIO"},"content":{"rendered":"<p><\/p>\n<div class=\"text-center-lg text-center-md text-center-sm text-center-xs\">\n<h1><strong>ESTOQUISTA E FORNECEDOR GLOBAL DE TUBOS, FLANGES E CONEX\u00d5ES EM A\u00c7O INOXID\u00c1VEL.<\/strong><\/h1>\n<p><a class=\"black\" href=\"https:\/\/specialpipingmaterials.com\/special-piping-materials-corporate-video-2015\/\">Clique aqui para assistir o v\u00eddeo completo.<\/a><\/p>\n<\/div>\n<div class=\"spanHeight30\"><\/div>\n<div class=\"brd\" style=\"background-color: #e6e6e6;\"><\/div>\n<div class=\"spanHeight30\"><\/div>\n<p><!-- Hotjar Tracking Code for https:\/\/specialpipingmaterials.com\/ --><br \/>\n<script>\n    (function(h,o,t,j,a,r){\n        h.hj=h.hj||function(){(h.hj.q=h.hj.q||[]).push(arguments)};\n        h._hjSettings={hjid:206556,hjsv:5};\n        a=o.getElementsByTagName('head')[0];\n        r=o.createElement('script');r.async=1;\n        r.src=t+h._hjSettings.hjid+j+h._hjSettings.hjsv;\n        a.appendChild(r);\n    })(window,document,'\/\/static.hotjar.com\/c\/hotjar-','.js?sv=');\n<\/script><\/p>","protected":false},"excerpt":{"rendered":"<p>ESTOQUISTA E FORNECEDOR GLOBAL DE TUBOS, FLANGES E CONEX\u00d5ES EM A\u00c7O INOXID\u00c1VEL. Clique aqui para assistir o v\u00eddeo completo.<\/p>\n","protected":false},"author":4,"featured_media":1468,"parent":0,"menu_order":0,"comment_status":"open","ping_status":"closed","template":"templates-pages\/home.php","meta":{"_acf_changed":false,"_exactmetrics_skip_tracking":false,"_exactmetrics_sitenote_active":false,"_exactmetrics_sitenote_note":"","_exactmetrics_sitenote_category":0,"footnotes":""},"class_list":["post-5","page","type-page","status-publish","has-post-thumbnail","hentry"],"acf":[],"_links":{"self":[{"href":"https:\/\/specialpipingmaterials.com\/pt\/wp-json\/wp\/v2\/pages\/5","targetHints":{"allow":["GET"]}}],"collection":[{"href":"https:\/\/specialpipingmaterials.com\/pt\/wp-json\/wp\/v2\/pages"}],"about":[{"href":"https:\/\/specialpipingmaterials.com\/pt\/wp-json\/wp\/v2\/types\/page"}],"author":[{"embeddable":true,"href":"https:\/\/specialpipingmaterials.com\/pt\/wp-json\/wp\/v2\/users\/4"}],"replies":[{"embeddable":true,"href":"https:\/\/specialpipingmaterials.com\/pt\/wp-json\/wp\/v2\/comments?post=5"}],"version-history":[{"count":30,"href":"https:\/\/specialpipingmaterials.com\/pt\/wp-json\/wp\/v2\/pages\/5\/revisions"}],"predecessor-version":[{"id":2572,"href":"https:\/\/specialpipingmaterials.com\/pt\/wp-json\/wp\/v2\/pages\/5\/revisions\/2572"}],"wp:featuredmedia":[{"embeddable":true,"href":"https:\/\/specialpipingmaterials.com\/pt\/wp-json\/wp\/v2\/media\/1468"}],"wp:attachment":[{"href":"https:\/\/specialpipingmaterials.com\/pt\/wp-json\/wp\/v2\/media?parent=5"}],"curies":[{"name":"wp","href":"https:\/\/api.w.org\/{rel}","templated":true}]}}